{"id":38,"date":"2022-09-10T16:19:35","date_gmt":"2022-09-10T13:19:35","guid":{"rendered":"https:\/\/ice-casino1.de\/haupt\/"},"modified":"2022-09-10T16:19:35","modified_gmt":"2022-09-10T13:19:35","slug":"haupt","status":"publish","type":"page","link":"https:\/\/ice-casino1.de\/de\/","title":{"rendered":"Haupt"},"content":{"rendered":"","protected":false},"excerpt":{"rendered":"","protected":false},"author":1,"featured_media":0,"parent":0,"menu_order":0,"comment_status":"closed","ping_status":"closed","template":"pages\/haupt-page.php","meta":{"footnotes":""},"class_list":["post-38","page","type-page","status-publish","hentry"],"yoast_head":"<!-- This site is optimized with the Yoast SEO plugin v22.1 - https:\/\/yoast.com\/wordpress\/plugins\/seo\/ -->\n<title>ICE Casino - Versuchen Sie Ihr Gl\u00fcck jetzt<\/title>\n<meta name=\"description\" content=\"Ice Casino ist ein Online-Casino mit einer gro\u00dfen Auswahl an verschiedenen Spielen. T\u00e4gliche und w\u00f6chentliche Boni sowie ein Treueprogramm sind f\u00fcr alle Benutzer verf\u00fcgbar. Ein hoher Anteil an Wetten. Ein einfaches und verst\u00e4ndliches Zahlungssystem.\" \/>\n<meta name=\"robots\" content=\"index, follow, max-snippet:-1, max-image-preview:large, max-video-preview:-1\" \/>\n<link rel=\"canonical\" href=\"https:\/\/ice-casino1.de\/de\/\" \/>\n<meta property=\"og:locale\" content=\"de_DE\" \/>\n<meta property=\"og:type\" content=\"article\" \/>\n<meta property=\"og:title\" content=\"ICE Casino - Versuchen Sie Ihr Gl\u00fcck jetzt\" \/>\n<meta property=\"og:description\" content=\"Ice Casino ist ein Online-Casino mit einer gro\u00dfen Auswahl an verschiedenen Spielen. T\u00e4gliche und w\u00f6chentliche Boni sowie ein Treueprogramm sind f\u00fcr alle Benutzer verf\u00fcgbar. Ein hoher Anteil an Wetten. Ein einfaches und verst\u00e4ndliches Zahlungssystem.\" \/>\n<meta property=\"og:url\" content=\"https:\/\/ice-casino1.de\/de\/\" \/>\n<meta property=\"og:site_name\" content=\"Ice Casino\" \/>\n<meta property=\"og:image\" content=\"https:\/\/ice-casino1.de\/wp-content\/uploads\/2026\/02\/ice-casino-og.png\" \/>\n\t<meta property=\"og:image:width\" content=\"977\" \/>\n\t<meta property=\"og:image:height\" content=\"270\" \/>\n\t<meta property=\"og:image:type\" content=\"image\/png\" \/>\n<meta name=\"twitter:card\" content=\"summary_large_image\" \/>\n<script type=\"application\/ld+json\" class=\"yoast-schema-graph\">{\"@context\":\"https:\/\/schema.org\",\"@graph\":[{\"@type\":\"WebPage\",\"@id\":\"https:\/\/ice-casino1.de\/de\/\",\"url\":\"https:\/\/ice-casino1.de\/de\/\",\"name\":\"ICE Casino - Versuchen Sie Ihr Gl\u00fcck jetzt\",\"isPartOf\":{\"@id\":\"https:\/\/ice-casino1.de\/de\/#website\"},\"datePublished\":\"2022-09-10T13:19:35+00:00\",\"dateModified\":\"2022-09-10T13:19:35+00:00\",\"description\":\"Ice Casino ist ein Online-Casino mit einer gro\u00dfen Auswahl an verschiedenen Spielen. T\u00e4gliche und w\u00f6chentliche Boni sowie ein Treueprogramm sind f\u00fcr alle Benutzer verf\u00fcgbar. Ein hoher Anteil an Wetten. Ein einfaches und verst\u00e4ndliches Zahlungssystem.\",\"breadcrumb\":{\"@id\":\"https:\/\/ice-casino1.de\/de\/#breadcrumb\"},\"inLanguage\":\"de\",\"potentialAction\":[{\"@type\":\"ReadAction\",\"target\":[\"https:\/\/ice-casino1.de\/de\/\"]}]},{\"@type\":\"BreadcrumbList\",\"@id\":\"https:\/\/ice-casino1.de\/de\/#breadcrumb\",\"itemListElement\":[{\"@type\":\"ListItem\",\"position\":1,\"name\":\"Startseite\",\"item\":\"https:\/\/ice-casino1.de\/de\/\"},{\"@type\":\"ListItem\",\"position\":2,\"name\":\"Haupt\"}]},{\"@type\":\"WebSite\",\"@id\":\"https:\/\/ice-casino1.de\/de\/#website\",\"url\":\"https:\/\/ice-casino1.de\/de\/\",\"name\":\"Ice casino\",\"description\":\"Wo das Spiel beginnt\",\"publisher\":{\"@id\":\"https:\/\/ice-casino1.de\/de\/#organization\"},\"alternateName\":\"Ice casino\",\"potentialAction\":[{\"@type\":\"SearchAction\",\"target\":{\"@type\":\"EntryPoint\",\"urlTemplate\":\"https:\/\/ice-casino1.de\/de\/?s={search_term_string}\"},\"query-input\":\"required name=search_term_string\"}],\"inLanguage\":\"de\"},{\"@type\":\"Organization\",\"@id\":\"https:\/\/ice-casino1.de\/de\/#organization\",\"name\":\"Ice casino\",\"alternateName\":\"Ice casino\",\"url\":\"https:\/\/ice-casino1.de\/de\/\",\"logo\":{\"@type\":\"ImageObject\",\"inLanguage\":\"de\",\"@id\":\"https:\/\/ice-casino1.de\/de\/#\/schema\/logo\/image\/\",\"url\":\"https:\/\/ice-casino1.de\/wp-content\/uploads\/2026\/02\/ice-casino-icon.png\",\"contentUrl\":\"https:\/\/ice-casino1.de\/wp-content\/uploads\/2026\/02\/ice-casino-icon.png\",\"width\":144,\"height\":144,\"caption\":\"Ice casino\"},\"image\":{\"@id\":\"https:\/\/ice-casino1.de\/de\/#\/schema\/logo\/image\/\"}}]}<\/script>\n<!-- \/ Yoast SEO plugin. -->","yoast_head_json":{"title":"ICE Casino - Versuchen Sie Ihr Gl\u00fcck jetzt","description":"Ice Casino ist ein Online-Casino mit einer gro\u00dfen Auswahl an verschiedenen Spielen. T\u00e4gliche und w\u00f6chentliche Boni sowie ein Treueprogramm sind f\u00fcr alle Benutzer verf\u00fcgbar. Ein hoher Anteil an Wetten. Ein einfaches und verst\u00e4ndliches Zahlungssystem.","robots":{"index":"index","follow":"follow","max-snippet":"max-snippet:-1","max-image-preview":"max-image-preview:large","max-video-preview":"max-video-preview:-1"},"canonical":"https:\/\/ice-casino1.de\/de\/","og_locale":"de_DE","og_type":"article","og_title":"ICE Casino - Versuchen Sie Ihr Gl\u00fcck jetzt","og_description":"Ice Casino ist ein Online-Casino mit einer gro\u00dfen Auswahl an verschiedenen Spielen. T\u00e4gliche und w\u00f6chentliche Boni sowie ein Treueprogramm sind f\u00fcr alle Benutzer verf\u00fcgbar. Ein hoher Anteil an Wetten. Ein einfaches und verst\u00e4ndliches Zahlungssystem.","og_url":"https:\/\/ice-casino1.de\/de\/","og_site_name":"Ice Casino","og_image":[{"width":977,"height":270,"url":"https:\/\/ice-casino1.de\/wp-content\/uploads\/2026\/02\/ice-casino-og.png","type":"image\/png"}],"twitter_card":"summary_large_image","schema":{"@context":"https:\/\/schema.org","@graph":[{"@type":"WebPage","@id":"https:\/\/ice-casino1.de\/de\/","url":"https:\/\/ice-casino1.de\/de\/","name":"ICE Casino - Versuchen Sie Ihr Gl\u00fcck jetzt","isPartOf":{"@id":"https:\/\/ice-casino1.de\/de\/#website"},"datePublished":"2022-09-10T13:19:35+00:00","dateModified":"2022-09-10T13:19:35+00:00","description":"Ice Casino ist ein Online-Casino mit einer gro\u00dfen Auswahl an verschiedenen Spielen. T\u00e4gliche und w\u00f6chentliche Boni sowie ein Treueprogramm sind f\u00fcr alle Benutzer verf\u00fcgbar. Ein hoher Anteil an Wetten. Ein einfaches und verst\u00e4ndliches Zahlungssystem.","breadcrumb":{"@id":"https:\/\/ice-casino1.de\/de\/#breadcrumb"},"inLanguage":"de","potentialAction":[{"@type":"ReadAction","target":["https:\/\/ice-casino1.de\/de\/"]}]},{"@type":"BreadcrumbList","@id":"https:\/\/ice-casino1.de\/de\/#breadcrumb","itemListElement":[{"@type":"ListItem","position":1,"name":"Startseite","item":"https:\/\/ice-casino1.de\/de\/"},{"@type":"ListItem","position":2,"name":"Haupt"}]},{"@type":"WebSite","@id":"https:\/\/ice-casino1.de\/de\/#website","url":"https:\/\/ice-casino1.de\/de\/","name":"Ice casino","description":"Wo das Spiel beginnt","publisher":{"@id":"https:\/\/ice-casino1.de\/de\/#organization"},"alternateName":"Ice casino","potentialAction":[{"@type":"SearchAction","target":{"@type":"EntryPoint","urlTemplate":"https:\/\/ice-casino1.de\/de\/?s={search_term_string}"},"query-input":"required name=search_term_string"}],"inLanguage":"de"},{"@type":"Organization","@id":"https:\/\/ice-casino1.de\/de\/#organization","name":"Ice casino","alternateName":"Ice casino","url":"https:\/\/ice-casino1.de\/de\/","logo":{"@type":"ImageObject","inLanguage":"de","@id":"https:\/\/ice-casino1.de\/de\/#\/schema\/logo\/image\/","url":"https:\/\/ice-casino1.de\/wp-content\/uploads\/2026\/02\/ice-casino-icon.png","contentUrl":"https:\/\/ice-casino1.de\/wp-content\/uploads\/2026\/02\/ice-casino-icon.png","width":144,"height":144,"caption":"Ice casino"},"image":{"@id":"https:\/\/ice-casino1.de\/de\/#\/schema\/logo\/image\/"}}]}},"_links":{"self":[{"href":"https:\/\/ice-casino1.de\/de\/wp-json\/wp\/v2\/pages\/38","targetHints":{"allow":["GET"]}}],"collection":[{"href":"https:\/\/ice-casino1.de\/de\/wp-json\/wp\/v2\/pages"}],"about":[{"href":"https:\/\/ice-casino1.de\/de\/wp-json\/wp\/v2\/types\/page"}],"author":[{"embeddable":true,"href":"https:\/\/ice-casino1.de\/de\/wp-json\/wp\/v2\/users\/1"}],"replies":[{"embeddable":true,"href":"https:\/\/ice-casino1.de\/de\/wp-json\/wp\/v2\/comments?post=38"}],"version-history":[{"count":0,"href":"https:\/\/ice-casino1.de\/de\/wp-json\/wp\/v2\/pages\/38\/revisions"}],"wp:attachment":[{"href":"https:\/\/ice-casino1.de\/de\/wp-json\/wp\/v2\/media?parent=38"}],"curies":[{"name":"wp","href":"https:\/\/api.w.org\/{rel}","templated":true}]}}